{"id":1367,"date":"2025-10-19T17:24:28","date_gmt":"2025-10-19T17:24:28","guid":{"rendered":"https:\/\/test.conextaia.com\/?post_type=product&#038;p=1367"},"modified":"2025-10-19T18:29:13","modified_gmt":"2025-10-19T18:29:13","slug":"isdin-unify-color-despigmentante-spf-50","status":"publish","type":"product","link":"https:\/\/test.conextaia.com\/?product=isdin-unify-color-despigmentante-spf-50","title":{"rendered":"Isdin Unify Color Despigmentante SPF 50"},"content":{"rendered":"<p>Protector solar facial con color que ayuda a unificar el tono de la piel y reducir manchas oscuras. Su f\u00f3rmula ligera ofrece alta protecci\u00f3n frente a rayos UVA y UVB, corrige imperfecciones y aporta un acabado natural, luminoso y sin brillos. Ideal para uso diario y todo tipo de piel.<\/p>\n<p>Gracias a su tecnolog\u00eda <strong data-start=\"486\" data-end=\"507\">DP3-Unify Complex<\/strong>, regula la producci\u00f3n de melanina, promoviendo una piel m\u00e1s uniforme y luminosa con el uso diario. Adem\u00e1s, su <strong data-start=\"618\" data-end=\"658\">textura ligera y de r\u00e1pida absorci\u00f3n<\/strong> deja un acabado natural con un toque de color que se adapta a distintos tonos de piel, sin dejar sensaci\u00f3n grasa ni residuos blanquecinos.<\/p>\n<p><strong data-start=\"1092\" data-end=\"1108\">Modo de uso:<\/strong><br data-start=\"1108\" data-end=\"1111\" \/>Aplicar generosamente sobre rostro, cuello y escote cada ma\u00f1ana despu\u00e9s de la rutina de cuidado facial y antes del maquillaje. Reaplicar cada 2 horas o despu\u00e9s de nadar, sudar o secarse con toalla.<\/p>\n","protected":false},"excerpt":{"rendered":"<p>Isdin FotoUltra 100 Active Unify Color es un <strong data-start=\"99\" data-end=\"142\">fotoprotector facial avanzado con color<\/strong>, dise\u00f1ado espec\u00edficamente para <strong data-start=\"174\" data-end=\"204\">reducir y prevenir manchas<\/strong> en la piel ocasionadas por el sol o por tratamientos dermatol\u00f3gicos. Su f\u00f3rmula combina una <strong data-start=\"297\" data-end=\"368\">protecci\u00f3n muy alta (SPF 50+) frente a rayos UVA, UVB y luz visible<\/strong>, ayudando a evitar la hiperpigmentaci\u00f3n y a unificar el tono cut\u00e1neo de forma progresiva.<\/p>\n<p>Contiene ingredientes hidratantes y antioxidantes que refuerzan la barrera cut\u00e1nea, ofreciendo una <strong data-start=\"900\" data-end=\"935\">sensaci\u00f3n de confort y suavidad<\/strong> durante todo el d\u00eda. Es ideal para pieles con manchas solares, melasma, o aquellas que buscan una protecci\u00f3n integral con un acabado est\u00e9tico impecable.<\/p>\n<p data-start=\"1312\" data-end=\"1335\"><strong data-start=\"1312\" data-end=\"1333\">Beneficios clave:<\/strong><\/p>\n<ul data-start=\"1336\" data-end=\"1617\" data-is-last-node=\"\" data-is-only-node=\"\">\n<li data-start=\"1336\" data-end=\"1374\">\n<p data-start=\"1338\" data-end=\"1374\">Previene y reduce manchas oscuras.<\/p>\n<\/li>\n<li data-start=\"1375\" data-end=\"1424\">\n<p data-start=\"1377\" data-end=\"1424\">Unifica el tono de la piel con color natural.<\/p>\n<\/li>\n<li data-start=\"1425\" data-end=\"1482\">\n<p data-start=\"1427\" data-end=\"1482\">Textura fluida, no comedog\u00e9nica y resistente al agua.<\/p>\n<\/li>\n<li data-start=\"1483\" data-end=\"1549\">\n<p data-start=\"1485\" data-end=\"1549\">Protecci\u00f3n muy alta frente a radiaci\u00f3n UVA, UVB y luz visible.<\/p>\n<\/li>\n<li data-start=\"1550\" data-end=\"1617\" data-is-last-node=\"\">\n<p data-start=\"1552\" data-end=\"1617\" data-is-last-node=\"\">Ideal para uso diario y piel sensible o con tendencia al melasma.<\/p>\n<\/li>\n<\/ul>\n","protected":false},"featured_media":1388,"comment_status":"open","ping_status":"closed","template":"","meta":[],"product_brand":[63],"product_cat":[61],"product_tag":[62],"class_list":{"0":"post-1367","1":"product","2":"type-product","3":"status-publish","4":"has-post-thumbnail","6":"product_brand-isdin","7":"product_cat-protector-solar","8":"product_tag-protector-solar","10":"first","11":"instock","12":"sale","13":"taxable","14":"shipping-taxable","15":"purchasable","16":"product-type-simple"},"_links":{"self":[{"href":"https:\/\/test.conextaia.com\/index.php?rest_route=\/wp\/v2\/product\/1367","targetHints":{"allow":["GET"]}}],"collection":[{"href":"https:\/\/test.conextaia.com\/index.php?rest_route=\/wp\/v2\/product"}],"about":[{"href":"https:\/\/test.conextaia.com\/index.php?rest_route=\/wp\/v2\/types\/product"}],"replies":[{"embeddable":true,"href":"https:\/\/test.conextaia.com\/index.php?rest_route=%2Fwp%2Fv2%2Fcomments&post=1367"}],"wp:featuredmedia":[{"embeddable":true,"href":"https:\/\/test.conextaia.com\/index.php?rest_route=\/wp\/v2\/media\/1388"}],"wp:attachment":[{"href":"https:\/\/test.conextaia.com\/index.php?rest_route=%2Fwp%2Fv2%2Fmedia&parent=1367"}],"wp:term":[{"taxonomy":"product_brand","embeddable":true,"href":"https:\/\/test.conextaia.com\/index.php?rest_route=%2Fwp%2Fv2%2Fproduct_brand&post=1367"},{"taxonomy":"product_cat","embeddable":true,"href":"https:\/\/test.conextaia.com\/index.php?rest_route=%2Fwp%2Fv2%2Fproduct_cat&post=1367"},{"taxonomy":"product_tag","embeddable":true,"href":"https:\/\/test.conextaia.com\/index.php?rest_route=%2Fwp%2Fv2%2Fproduct_tag&post=1367"}],"curies":[{"name":"wp","href":"https:\/\/api.w.org\/{rel}","templated":true}]}}